{"id":389,"date":"2017-09-25T16:09:34","date_gmt":"2017-09-25T16:09:34","guid":{"rendered":"https:\/\/matchthemes.com\/demowp\/civillaw\/?page_id=2"},"modified":"2026-03-12T15:19:33","modified_gmt":"2026-03-12T20:19:33","slug":"law-technology-fintech-peru","status":"publish","type":"page","link":"https:\/\/revoredo.pe\/en\/","title":{"rendered":"Home"},"content":{"rendered":"<div class=\"alignc\">\n<h5 class=\"small-intro\">Welcome to Liberis<\/h5>\n<h2 class=\"big-intro\">Experience. Team. Results<\/h2>\n<div class=\"medium-intro\">Provide the highest quality legal services for our clients<\/div>\n<\/div>\n<div class=\"stats margin-t54\">\n<div class=\"row\">\n<div class=\"col-md-4\">\n<h3>+28<\/h3>\n<p>A\u00f1os de experiencia<\/p>\n<\/div>\n<div class=\"col-md-4\">\n<h3>+180<\/h3>\n<p>Clientes<\/p>\n<\/div>\n<div class=\"col-md-4\">\n<h3>3<\/h3>\n<p>Abogados<\/p>\n<\/div>\n<\/div>\n<\/div>","protected":false},"excerpt":{"rendered":"<p>Welcome to Liberis Experience. Team. Results Provide the highest quality legal services for our clients +28 A\u00f1os de experiencia +180 Clientes 3 Abogados<\/p>","protected":false},"author":3,"featured_media":0,"parent":0,"menu_order":0,"comment_status":"closed","ping_status":"closed","template":"my-templates\/template-home.php","meta":{"_acf_changed":false,"content-type":"","footnotes":""},"class_list":["post-389","page","type-page","status-publish","hentry"],"acf":[],"yoast_head":"<!-- This site is optimized with the Yoast SEO plugin v27.3 - https:\/\/yoast.com\/product\/yoast-seo-wordpress\/ -->\n<title>Abogado, Tecnolog\u00eda, Cripto, Fintech, Softlanding, Peru<\/title>\n<meta name=\"description\" content=\"Revoredo Abogados es un estudio especializado en derecho tecnol\u00f3gico, fintech y telecomunicaciones en Per\u00fa. Asesoramos a startups y empresas internacionales en softlanding, venture capital, protecci\u00f3n de datos, contratos tecnol\u00f3gicos y negocios digitales.\" \/>\n<meta name=\"robots\" content=\"index, follow, max-snippet:-1, max-image-preview:large, max-video-preview:-1\" \/>\n<link rel=\"canonical\" href=\"https:\/\/revoredo.pe\/en\/\" \/>\n<meta property=\"og:locale\" content=\"en_US\" \/>\n<meta property=\"og:type\" content=\"article\" \/>\n<meta property=\"og:title\" content=\"Abogado, Tecnolog\u00eda, Cripto, Fintech, Softlanding, Peru\" \/>\n<meta property=\"og:description\" content=\"Revoredo Abogados es un estudio especializado en derecho tecnol\u00f3gico, fintech y telecomunicaciones en Per\u00fa. Asesoramos a startups y empresas internacionales en softlanding, venture capital, protecci\u00f3n de datos, contratos tecnol\u00f3gicos y negocios digitales.\" \/>\n<meta property=\"og:url\" content=\"https:\/\/revoredo.pe\/en\/\" \/>\n<meta property=\"og:site_name\" content=\"Revoredo.pe\" \/>\n<meta property=\"article:publisher\" content=\"https:\/\/www.facebook.com\/revoredope\" \/>\n<meta property=\"article:modified_time\" content=\"2026-03-12T20:19:33+00:00\" \/>\n<meta name=\"twitter:card\" content=\"summary_large_image\" \/>\n<meta name=\"twitter:site\" content=\"@revoredope\" \/>\n<meta name=\"twitter:label1\" content=\"Est. reading time\" \/>\n\t<meta name=\"twitter:data1\" content=\"1 minute\" \/>\n<script type=\"application\/ld+json\" class=\"yoast-schema-graph\">{\"@context\":\"https:\\\/\\\/schema.org\",\"@graph\":[{\"@type\":\"WebPage\",\"@id\":\"https:\\\/\\\/revoredo.pe\\\/\",\"url\":\"https:\\\/\\\/revoredo.pe\\\/\",\"name\":\"Abogado, Tecnolog\u00eda, Cripto, Fintech, Softlanding, Peru\",\"isPartOf\":{\"@id\":\"https:\\\/\\\/revoredo.pe\\\/#website\"},\"datePublished\":\"2017-09-25T16:09:34+00:00\",\"dateModified\":\"2026-03-12T20:19:33+00:00\",\"description\":\"Revoredo Abogados es un estudio especializado en derecho tecnol\u00f3gico, fintech y telecomunicaciones en Per\u00fa. Asesoramos a startups y empresas internacionales en softlanding, venture capital, protecci\u00f3n de datos, contratos tecnol\u00f3gicos y negocios digitales.\",\"breadcrumb\":{\"@id\":\"https:\\\/\\\/revoredo.pe\\\/#breadcrumb\"},\"inLanguage\":\"en-US\",\"potentialAction\":[{\"@type\":\"ReadAction\",\"target\":[\"https:\\\/\\\/revoredo.pe\\\/\"]}]},{\"@type\":\"BreadcrumbList\",\"@id\":\"https:\\\/\\\/revoredo.pe\\\/#breadcrumb\",\"itemListElement\":[{\"@type\":\"ListItem\",\"position\":1,\"name\":\"Home\",\"item\":\"https:\\\/\\\/revoredo.pe\\\/\"},{\"@type\":\"ListItem\",\"position\":2,\"name\":\"Home\"}]},{\"@type\":\"WebSite\",\"@id\":\"https:\\\/\\\/revoredo.pe\\\/#website\",\"url\":\"https:\\\/\\\/revoredo.pe\\\/\",\"name\":\"Revoredo.pe\",\"description\":\"Abogados Digitales\",\"publisher\":{\"@id\":\"https:\\\/\\\/revoredo.pe\\\/#organization\"},\"potentialAction\":[{\"@type\":\"SearchAction\",\"target\":{\"@type\":\"EntryPoint\",\"urlTemplate\":\"https:\\\/\\\/revoredo.pe\\\/?s={search_term_string}\"},\"query-input\":{\"@type\":\"PropertyValueSpecification\",\"valueRequired\":true,\"valueName\":\"search_term_string\"}}],\"inLanguage\":\"en-US\"},{\"@type\":\"Organization\",\"@id\":\"https:\\\/\\\/revoredo.pe\\\/#organization\",\"name\":\"Revoredo Abogados\",\"url\":\"https:\\\/\\\/revoredo.pe\\\/\",\"logo\":{\"@type\":\"ImageObject\",\"inLanguage\":\"en-US\",\"@id\":\"https:\\\/\\\/revoredo.pe\\\/#\\\/schema\\\/logo\\\/image\\\/\",\"url\":\"https:\\\/\\\/revoredo.pe\\\/wp-content\\\/uploads\\\/2020\\\/08\\\/revoredo-logo.png\",\"contentUrl\":\"https:\\\/\\\/revoredo.pe\\\/wp-content\\\/uploads\\\/2020\\\/08\\\/revoredo-logo.png\",\"width\":326,\"height\":85,\"caption\":\"Revoredo Abogados\"},\"image\":{\"@id\":\"https:\\\/\\\/revoredo.pe\\\/#\\\/schema\\\/logo\\\/image\\\/\"},\"sameAs\":[\"https:\\\/\\\/www.facebook.com\\\/revoredope\",\"https:\\\/\\\/x.com\\\/revoredope\",\"https:\\\/\\\/www.instagram.com\\\/revoredope\\\/\",\"https:\\\/\\\/www.linkedin.com\\\/company\\\/revoredope\"]}]}<\/script>\n<!-- \/ Yoast SEO plugin. -->","yoast_head_json":{"title":"Abogado, Tecnolog\u00eda, Cripto, Fintech, Softlanding, Peru","description":"Revoredo Abogados es un estudio especializado en derecho tecnol\u00f3gico, fintech y telecomunicaciones en Per\u00fa. Asesoramos a startups y empresas internacionales en softlanding, venture capital, protecci\u00f3n de datos, contratos tecnol\u00f3gicos y negocios digitales.","robots":{"index":"index","follow":"follow","max-snippet":"max-snippet:-1","max-image-preview":"max-image-preview:large","max-video-preview":"max-video-preview:-1"},"canonical":"https:\/\/revoredo.pe\/en\/","og_locale":"en_US","og_type":"article","og_title":"Abogado, Tecnolog\u00eda, Cripto, Fintech, Softlanding, Peru","og_description":"Revoredo Abogados es un estudio especializado en derecho tecnol\u00f3gico, fintech y telecomunicaciones en Per\u00fa. Asesoramos a startups y empresas internacionales en softlanding, venture capital, protecci\u00f3n de datos, contratos tecnol\u00f3gicos y negocios digitales.","og_url":"https:\/\/revoredo.pe\/en\/","og_site_name":"Revoredo.pe","article_publisher":"https:\/\/www.facebook.com\/revoredope","article_modified_time":"2026-03-12T20:19:33+00:00","twitter_card":"summary_large_image","twitter_site":"@revoredope","twitter_misc":{"Est. reading time":"1 minute"},"schema":{"@context":"https:\/\/schema.org","@graph":[{"@type":"WebPage","@id":"https:\/\/revoredo.pe\/","url":"https:\/\/revoredo.pe\/","name":"Abogado, Tecnolog\u00eda, Cripto, Fintech, Softlanding, Peru","isPartOf":{"@id":"https:\/\/revoredo.pe\/#website"},"datePublished":"2017-09-25T16:09:34+00:00","dateModified":"2026-03-12T20:19:33+00:00","description":"Revoredo Abogados es un estudio especializado en derecho tecnol\u00f3gico, fintech y telecomunicaciones en Per\u00fa. Asesoramos a startups y empresas internacionales en softlanding, venture capital, protecci\u00f3n de datos, contratos tecnol\u00f3gicos y negocios digitales.","breadcrumb":{"@id":"https:\/\/revoredo.pe\/#breadcrumb"},"inLanguage":"en-US","potentialAction":[{"@type":"ReadAction","target":["https:\/\/revoredo.pe\/"]}]},{"@type":"BreadcrumbList","@id":"https:\/\/revoredo.pe\/#breadcrumb","itemListElement":[{"@type":"ListItem","position":1,"name":"Home","item":"https:\/\/revoredo.pe\/"},{"@type":"ListItem","position":2,"name":"Home"}]},{"@type":"WebSite","@id":"https:\/\/revoredo.pe\/#website","url":"https:\/\/revoredo.pe\/","name":"Revoredo.pe","description":"Abogados Digitales","publisher":{"@id":"https:\/\/revoredo.pe\/#organization"},"potentialAction":[{"@type":"SearchAction","target":{"@type":"EntryPoint","urlTemplate":"https:\/\/revoredo.pe\/?s={search_term_string}"},"query-input":{"@type":"PropertyValueSpecification","valueRequired":true,"valueName":"search_term_string"}}],"inLanguage":"en-US"},{"@type":"Organization","@id":"https:\/\/revoredo.pe\/#organization","name":"Revoredo Abogados","url":"https:\/\/revoredo.pe\/","logo":{"@type":"ImageObject","inLanguage":"en-US","@id":"https:\/\/revoredo.pe\/#\/schema\/logo\/image\/","url":"https:\/\/revoredo.pe\/wp-content\/uploads\/2020\/08\/revoredo-logo.png","contentUrl":"https:\/\/revoredo.pe\/wp-content\/uploads\/2020\/08\/revoredo-logo.png","width":326,"height":85,"caption":"Revoredo Abogados"},"image":{"@id":"https:\/\/revoredo.pe\/#\/schema\/logo\/image\/"},"sameAs":["https:\/\/www.facebook.com\/revoredope","https:\/\/x.com\/revoredope","https:\/\/www.instagram.com\/revoredope\/","https:\/\/www.linkedin.com\/company\/revoredope"]}]}},"_links":{"self":[{"href":"https:\/\/revoredo.pe\/en\/wp-json\/wp\/v2\/pages\/389","targetHints":{"allow":["GET"]}}],"collection":[{"href":"https:\/\/revoredo.pe\/en\/wp-json\/wp\/v2\/pages"}],"about":[{"href":"https:\/\/revoredo.pe\/en\/wp-json\/wp\/v2\/types\/page"}],"author":[{"embeddable":true,"href":"https:\/\/revoredo.pe\/en\/wp-json\/wp\/v2\/users\/3"}],"replies":[{"embeddable":true,"href":"https:\/\/revoredo.pe\/en\/wp-json\/wp\/v2\/comments?post=389"}],"version-history":[{"count":0,"href":"https:\/\/revoredo.pe\/en\/wp-json\/wp\/v2\/pages\/389\/revisions"}],"wp:attachment":[{"href":"https:\/\/revoredo.pe\/en\/wp-json\/wp\/v2\/media?parent=389"}],"curies":[{"name":"wp","href":"https:\/\/api.w.org\/{rel}","templated":true}]}}