{"id":119,"date":"2017-09-28T13:32:37","date_gmt":"2017-09-28T18:32:37","guid":{"rendered":"https:\/\/matchthemes.com\/demowp\/civillaw\/?page_id=119"},"modified":"2021-04-23T21:20:16","modified_gmt":"2021-04-24T02:20:16","slug":"quienes-somos","status":"publish","type":"page","link":"https:\/\/revoredo.pe\/en\/quienes-somos\/","title":{"rendered":"About us"},"content":{"rendered":"<p><img loading=\"lazy\" decoding=\"async\" class=\"aligncenter size-full wp-image-126\" src=\"https:\/\/revoredo.pe\/wp-content\/uploads\/2021\/04\/quienes-somos-1a.jpg\" alt=\"\" width=\"1300\" height=\"700\"><\/p>\n<div class=\"row margin-t54\">\n<div class=\"col-md-12\">\n<h5 class=\"margin-b24\" style=\"text-align: center;\">We combine law, technology know-how, our expertise and our<br \/>\nsolid experience, the capacity of our team and our collaborative culture to provide preventive advice and effective solutions to organizations in the technology industry or that need to implement technology in their operations.<\/h5>\n<\/div>\n<div class=\"col-md-6\">&nbsp;<\/div>\n<\/div>\n<div class=\"row margin-t54\">\n<div class=\"col-md-4\">\n<div class=\"service\">&nbsp;<i class=\"fas fa-university\"><\/i>&nbsp;<\/p>\n<h5><strong>Experience<\/strong><\/h5>\n<p>We have more than 25 years of accumulated experience in business consulting. We accompany technology businesses to provide legal security in their contracts and corporate operations.<\/p>\n<\/div>\n<\/div>\n<div class=\"col-md-4\">\n<div class=\"service\"><i class=\"fas fa-at\"><\/i>&nbsp;<\/p>\n<h5><strong>Innovation<\/strong><\/h5>\n<p>We know what our clients need. We propose innovative solutions and a quality legal service to inject new energy to your business.<\/p>\n<\/div>\n<\/div>\n<div class=\"col-md-4\">\n<div class=\"service\"><i class=\"fas fa-calendar-check\"><\/i>&nbsp;<\/p>\n<h5><span style=\"font-weight: 600;\">Efficiency<\/span><\/h5>\n<p>We provide useful legal services, efficient with your objectives and with an immediate practical effect for your value chain.<\/p>\n<\/div>\n<\/div>\n<\/div>\n<h3 class=\"home-title alignc margin-t24\">Meet our team<\/h3>\n<p>We are lawyers with extensive experience in Internet business and Information Technology and Telecommunications who have decided to merge our two passions: law and new technologies.<\/p>\n<div class=\"margin-t24\"><div class=\"team-holder v2 team-v2-short clearfix\"><div class=\"team-post team-postv2 team-3colv2\"><a href=\"https:\/\/revoredo.pe\/en\/team\/joel-portilla\/\"><div class=\"team-imgv2\" style=\"background-image:url(https:\/\/revoredo.pe\/wp-content\/uploads\/2023\/01\/Joel-Portilla-foto-600x500.jpg);\"><\/div><\/a><div class=\"team-content v2\"><div class=\"team-position\">Partner<\/div><h4><a href=\"https:\/\/revoredo.pe\/en\/team\/joel-portilla\/\">Joel Portilla<\/a><\/h4><ul class=\"team-contact\"><li><i class=\"fas fa-phone-alt\"><\/i>+51 947 861 528<\/li><\/ul><\/div><ul class=\"social-media\"><li><a class=\"social-linkedin\" href=\"https:\/\/www.linkedin.com\/in\/joel-portilla-borda-0815b550\/\" target=\"_blank\"><i class=\"fab fa-linkedin\"><\/i><\/a><\/li><\/ul><\/div><div class=\"team-post team-postv2 team-3colv2\"><a href=\"https:\/\/revoredo.pe\/en\/team\/rocio-mendiola\/\"><div class=\"team-imgv2\" style=\"background-image:url(https:\/\/revoredo.pe\/wp-content\/uploads\/2025\/02\/Rocio-Mendiola-foto-600x500.jpg);\"><\/div><\/a><div class=\"team-content v2\"><div class=\"team-position\">Socia<\/div><h4><a href=\"https:\/\/revoredo.pe\/en\/team\/rocio-mendiola\/\">Roc\u00edo Mendiola<\/a><\/h4><ul class=\"team-contact\"><li><i class=\"fas fa-phone-alt\"><\/i>+51 999 631 957<\/li><\/ul><\/div><ul class=\"social-media\"><li><a class=\"social-linkedin\" href=\"https:\/\/www.linkedin.com\/in\/rocio-elizabeth-mendiola-montero\/\" target=\"_blank\"><i class=\"fab fa-linkedin\"><\/i><\/a><\/li><\/ul><\/div><div class=\"team-post team-postv2 team-3colv2\"><a href=\"https:\/\/revoredo.pe\/en\/team\/octavio-chavez-laboralista\/\"><div class=\"team-imgv2\" style=\"background-image:url(https:\/\/revoredo.pe\/wp-content\/uploads\/2022\/10\/Octavio.png);\"><\/div><\/a><div class=\"team-content v2\"><div class=\"team-position\">Partner<\/div><h4><a href=\"https:\/\/revoredo.pe\/en\/team\/octavio-chavez-laboralista\/\">Octavio Ch\u00e1vez<\/a><\/h4><\/div><ul class=\"social-media\"><\/ul><\/div><div class=\"team-post team-postv2 team-3colv2\"><a href=\"https:\/\/revoredo.pe\/en\/team\/abel-revoredo\/\"><div class=\"team-imgv2\" style=\"background-image:url(https:\/\/revoredo.pe\/wp-content\/uploads\/2021\/05\/Abel-Revoredo-p.jpg);\"><\/div><\/a><div class=\"team-content v2\"><div class=\"team-position\">Partner<\/div><h4><a href=\"https:\/\/revoredo.pe\/en\/team\/abel-revoredo\/\">Abel Revoredo<\/a><\/h4><\/div><ul class=\"social-media\"><li><a class=\"social-twitter\" href=\"https:\/\/twitter.com\/AbelRevoredo\" target=\"_blank\"><i class=\"fab fa-twitter\"><\/i><\/a><\/li><li><a class=\"social-linkedin\" href=\"https:\/\/pe.linkedin.com\/in\/abelrevoredo\" target=\"_blank\"><i class=\"fab fa-linkedin\"><\/i><\/a><\/li><\/ul><\/div><\/div><\/div>\n<div class=\"row margin-t24\">\n<div class=\"col-md-6\">\n<p><img loading=\"lazy\" decoding=\"async\" class=\"margin-t24 alignnone size-full wp-image-371\" src=\"https:\/\/revoredo.pe\/wp-content\/uploads\/2017\/11\/about-law-office.jpg\" alt=\"about-law-office\" width=\"800\" height=\"800\" srcset=\"https:\/\/revoredo.pe\/wp-content\/uploads\/2017\/11\/about-law-office.jpg 800w, https:\/\/revoredo.pe\/wp-content\/uploads\/2017\/11\/about-law-office-300x300.jpg 300w, https:\/\/revoredo.pe\/wp-content\/uploads\/2017\/11\/about-law-office-150x150.jpg 150w, https:\/\/revoredo.pe\/wp-content\/uploads\/2017\/11\/about-law-office-768x768.jpg 768w\" sizes=\"auto, (max-width: 800px) 100vw, 800px\" \/><\/p>\n<\/div>\n<div class=\"col-md-6\" style=\"margin-top: 24px; background: #f5f5f5; padding: 36px;\">\n<h5 class=\"margin-t24\"><strong>Professional Service<\/strong><\/h5>\n<p>We have a team of highly qualified professionals with extensive experience to provide legal support in business<br \/>\nWe have a team of highly qualified professionals with extensive experience to provide legal support in technology businesses.<\/p>\n<h5 class=\"margin-t24\"><strong>Excellent communication<\/strong><\/h5>\n<p>We use technological tools that allow our clients to know the status of their services, as well as to maintain a fluid communication with our lawyers, so that their experience in our firm is memorable.<\/p>\n<h5 class=\"margin-t24\"><strong>Direct contact<\/strong><\/h5>\n<p>The team assigned to each assignment maintains close contact with the client and is permanently available to answer any questions.<\/p>\n<\/div>\n<\/div>\n<h3 class=\"home-title alignc margin-t54\">Our customers trust<\/h3>\n<div class=\"owl-carousel owl-theme slider-2posts testimonial-slider\"><div class=\"testimonial-info\">\"We have found in Revoredo an important partner in our operation, it is committed to the service it provides us, it has a well qualified team with knowledge of the industry, all of which allows us to achieve the objectives we have set on the Legal front.\"\r\n<h5>Carlos Flores<\/h5>\r\nTELXIUS Torres Per\u00fa - CEO<\/div><div class=\"testimonial-info\">\"Excellent attention and very professional and efficient service.\"\r\n<h5>Javier Manzanares<\/h5>\r\nTelef\u00f3nica del Per\u00fa - Past Presidente<\/div><div class=\"testimonial-info\">\"As a telecommunications operator, working with Revoredo Abogados, is for us a double advantage, since we have not only a solid legal support, both in administrative and commercial matters, but also a specialized advice in our activity, thanks to their extensive experience in our sector.\"\r\n<h5>Omar Tupayachi<\/h5>\r\nMayu Telecomunicaciones - CEO<\/div><div class=\"testimonial-info\">\"Revoredo Abogados' expertise in matters such as blockchain, cryptoassets and financial regulation have been fundamental to the development of our business.\"\r\n<h5>Samuel Ca\u00f1as<\/h5>\r\nBuda.com - Chief Legal Officer<\/div><div class=\"testimonial-info\"><div class=\"testimonial-desc\">\"The team at Revoredo Abogados, is an excellent team, very prepared, trained and also with a great focus on customer service. They carefully follow up on the requirements that are requested. As a CEO one requires timely and accurate help. Highly recommended.\"<\/div>\r\n<h5>Javier Albarracin<\/h5>\r\nQuantico Trends - CEO<\/div><div class=\"testimonial-info\"><div class=\"testimonial-desc\">\"Revoredo responds to us promptly, they take care to understand our needs, helping us to make preventive decisions and contingency measures in some cases. When we have been presented with a problem, their attention is immediate and they propose effective solutions. \"<\/div>\r\n<h5>Julio Valencia<\/h5>\r\nBinnacorp - CEO<\/div><div class=\"testimonial-info\"><div class=\"testimonial-desc\">\"Revoredo Abogados provides excellent service and, above all, makes the legal implications of complex technological issues easy to understand. \"<\/div>\r\n<h5>Milagros Mendez<\/h5>\r\nNiubiz - Legal<\/div><\/div>\n<div style=\"background: #faa726; padding: 54px; color: #ffffff; margin-top: 54px;\">\n<div class=\"row\">\n<div class=\"col-md-8\">\n<h4 class=\"margin-b16\" style=\"color: #ffffff;\"><strong>Request a call and let's talk<\/strong><\/h4>\n<p>We have left behind the profile of the distant, theoretical lawyer with no tangible contribution to the business. We work with you to help you create value.<\/p>\n<\/div>\n<div class=\"col-md-4 alignr\">\n<p><a class=\"view-more white-btn\" href=\"https:\/\/revoredo.server1.trinchera.dev\/contacto\">Contact us now<\/a><\/p>\n<\/div>\n<\/div>\n<\/div>","protected":false},"excerpt":{"rendered":"<p>Unimos el derecho, el conocimiento en tecnolog\u00eda, nuestra s\u00f3lida experiencia, la capacidad de nuestro equipo humano y nuestra cultura de colaboraci\u00f3n para brindar asesor\u00eda preventiva y soluciones efectivas a organizaciones del rubro tecnol\u00f3gico o que requieren implementar tecnolog\u00eda en sus operaciones. &nbsp; &nbsp;&nbsp; Experiencia Tenemos m\u00e1s de 25 a\u00f1os de experiencia acumulada en asesor\u00eda empresarial. Acompa\u00f1amos a negocios tecnol\u00f3gicos para&#8230;<\/p>","protected":false},"author":3,"featured_media":0,"parent":0,"menu_order":0,"comment_status":"closed","ping_status":"closed","template":"my-templates\/template-fullwidth.php","meta":{"_acf_changed":false,"content-type":"","footnotes":""},"class_list":["post-119","page","type-page","status-publish","hentry"],"acf":[],"yoast_head":"<!-- This site is optimized with the Yoast SEO plugin v27.3 - https:\/\/yoast.com\/product\/yoast-seo-wordpress\/ -->\n<title>Qui\u00e9nes somos &#8211; Revoredo.pe<\/title>\n<meta name=\"robots\" content=\"index, follow, max-snippet:-1, max-image-preview:large, max-video-preview:-1\" \/>\n<link rel=\"canonical\" href=\"https:\/\/revoredo.pe\/en\/quienes-somos\/\" \/>\n<meta property=\"og:locale\" content=\"en_US\" \/>\n<meta property=\"og:type\" content=\"article\" \/>\n<meta property=\"og:title\" content=\"Qui\u00e9nes somos &#8211; Revoredo.pe\" \/>\n<meta property=\"og:description\" content=\"Unimos el derecho, el conocimiento en tecnolog\u00eda, nuestra s\u00f3lida experiencia, la capacidad de nuestro equipo humano y nuestra cultura de colaboraci\u00f3n para brindar asesor\u00eda preventiva y soluciones efectivas a organizaciones del rubro tecnol\u00f3gico o que requieren implementar tecnolog\u00eda en sus operaciones. &nbsp; &nbsp;&nbsp; Experiencia Tenemos m\u00e1s de 25 a\u00f1os de experiencia acumulada en asesor\u00eda empresarial. Acompa\u00f1amos a negocios tecnol\u00f3gicos para...\" \/>\n<meta property=\"og:url\" content=\"https:\/\/revoredo.pe\/en\/quienes-somos\/\" \/>\n<meta property=\"og:site_name\" content=\"Revoredo.pe\" \/>\n<meta property=\"article:publisher\" content=\"https:\/\/www.facebook.com\/revoredope\" \/>\n<meta property=\"article:modified_time\" content=\"2021-04-24T02:20:16+00:00\" \/>\n<meta property=\"og:image\" content=\"https:\/\/revoredo.pe\/wp-content\/uploads\/2021\/04\/quienes-somos-1a.jpg\" \/>\n<meta name=\"twitter:card\" content=\"summary_large_image\" \/>\n<meta name=\"twitter:site\" content=\"@revoredope\" \/>\n<meta name=\"twitter:label1\" content=\"Est. reading time\" \/>\n\t<meta name=\"twitter:data1\" content=\"2 minutes\" \/>\n<script type=\"application\/ld+json\" class=\"yoast-schema-graph\">{\"@context\":\"https:\\\/\\\/schema.org\",\"@graph\":[{\"@type\":\"WebPage\",\"@id\":\"https:\\\/\\\/revoredo.pe\\\/quienes-somos\\\/\",\"url\":\"https:\\\/\\\/revoredo.pe\\\/quienes-somos\\\/\",\"name\":\"Qui\u00e9nes somos &#8211; Revoredo.pe\",\"isPartOf\":{\"@id\":\"https:\\\/\\\/revoredo.pe\\\/#website\"},\"primaryImageOfPage\":{\"@id\":\"https:\\\/\\\/revoredo.pe\\\/quienes-somos\\\/#primaryimage\"},\"image\":{\"@id\":\"https:\\\/\\\/revoredo.pe\\\/quienes-somos\\\/#primaryimage\"},\"thumbnailUrl\":\"https:\\\/\\\/revoredo.pe\\\/wp-content\\\/uploads\\\/2021\\\/04\\\/quienes-somos-1a.jpg\",\"datePublished\":\"2017-09-28T18:32:37+00:00\",\"dateModified\":\"2021-04-24T02:20:16+00:00\",\"breadcrumb\":{\"@id\":\"https:\\\/\\\/revoredo.pe\\\/quienes-somos\\\/#breadcrumb\"},\"inLanguage\":\"en-US\",\"potentialAction\":[{\"@type\":\"ReadAction\",\"target\":[\"https:\\\/\\\/revoredo.pe\\\/quienes-somos\\\/\"]}]},{\"@type\":\"ImageObject\",\"inLanguage\":\"en-US\",\"@id\":\"https:\\\/\\\/revoredo.pe\\\/quienes-somos\\\/#primaryimage\",\"url\":\"https:\\\/\\\/revoredo.pe\\\/wp-content\\\/uploads\\\/2021\\\/04\\\/quienes-somos-1a.jpg\",\"contentUrl\":\"https:\\\/\\\/revoredo.pe\\\/wp-content\\\/uploads\\\/2021\\\/04\\\/quienes-somos-1a.jpg\"},{\"@type\":\"BreadcrumbList\",\"@id\":\"https:\\\/\\\/revoredo.pe\\\/quienes-somos\\\/#breadcrumb\",\"itemListElement\":[{\"@type\":\"ListItem\",\"position\":1,\"name\":\"Home\",\"item\":\"https:\\\/\\\/revoredo.pe\\\/\"},{\"@type\":\"ListItem\",\"position\":2,\"name\":\"Qui\u00e9nes somos\"}]},{\"@type\":\"WebSite\",\"@id\":\"https:\\\/\\\/revoredo.pe\\\/#website\",\"url\":\"https:\\\/\\\/revoredo.pe\\\/\",\"name\":\"Revoredo.pe\",\"description\":\"Abogados Digitales\",\"publisher\":{\"@id\":\"https:\\\/\\\/revoredo.pe\\\/#organization\"},\"potentialAction\":[{\"@type\":\"SearchAction\",\"target\":{\"@type\":\"EntryPoint\",\"urlTemplate\":\"https:\\\/\\\/revoredo.pe\\\/?s={search_term_string}\"},\"query-input\":{\"@type\":\"PropertyValueSpecification\",\"valueRequired\":true,\"valueName\":\"search_term_string\"}}],\"inLanguage\":\"en-US\"},{\"@type\":\"Organization\",\"@id\":\"https:\\\/\\\/revoredo.pe\\\/#organization\",\"name\":\"Revoredo Abogados\",\"url\":\"https:\\\/\\\/revoredo.pe\\\/\",\"logo\":{\"@type\":\"ImageObject\",\"inLanguage\":\"en-US\",\"@id\":\"https:\\\/\\\/revoredo.pe\\\/#\\\/schema\\\/logo\\\/image\\\/\",\"url\":\"https:\\\/\\\/revoredo.pe\\\/wp-content\\\/uploads\\\/2020\\\/08\\\/revoredo-logo.png\",\"contentUrl\":\"https:\\\/\\\/revoredo.pe\\\/wp-content\\\/uploads\\\/2020\\\/08\\\/revoredo-logo.png\",\"width\":326,\"height\":85,\"caption\":\"Revoredo Abogados\"},\"image\":{\"@id\":\"https:\\\/\\\/revoredo.pe\\\/#\\\/schema\\\/logo\\\/image\\\/\"},\"sameAs\":[\"https:\\\/\\\/www.facebook.com\\\/revoredope\",\"https:\\\/\\\/x.com\\\/revoredope\",\"https:\\\/\\\/www.instagram.com\\\/revoredope\\\/\",\"https:\\\/\\\/www.linkedin.com\\\/company\\\/revoredope\"]}]}<\/script>\n<!-- \/ Yoast SEO plugin. -->","yoast_head_json":{"title":"Qui\u00e9nes somos &#8211; Revoredo.pe","robots":{"index":"index","follow":"follow","max-snippet":"max-snippet:-1","max-image-preview":"max-image-preview:large","max-video-preview":"max-video-preview:-1"},"canonical":"https:\/\/revoredo.pe\/en\/quienes-somos\/","og_locale":"en_US","og_type":"article","og_title":"Qui\u00e9nes somos &#8211; Revoredo.pe","og_description":"Unimos el derecho, el conocimiento en tecnolog\u00eda, nuestra s\u00f3lida experiencia, la capacidad de nuestro equipo humano y nuestra cultura de colaboraci\u00f3n para brindar asesor\u00eda preventiva y soluciones efectivas a organizaciones del rubro tecnol\u00f3gico o que requieren implementar tecnolog\u00eda en sus operaciones. &nbsp; &nbsp;&nbsp; Experiencia Tenemos m\u00e1s de 25 a\u00f1os de experiencia acumulada en asesor\u00eda empresarial. Acompa\u00f1amos a negocios tecnol\u00f3gicos para...","og_url":"https:\/\/revoredo.pe\/en\/quienes-somos\/","og_site_name":"Revoredo.pe","article_publisher":"https:\/\/www.facebook.com\/revoredope","article_modified_time":"2021-04-24T02:20:16+00:00","og_image":[{"url":"https:\/\/revoredo.pe\/wp-content\/uploads\/2021\/04\/quienes-somos-1a.jpg","type":"","width":"","height":""}],"twitter_card":"summary_large_image","twitter_site":"@revoredope","twitter_misc":{"Est. reading time":"2 minutes"},"schema":{"@context":"https:\/\/schema.org","@graph":[{"@type":"WebPage","@id":"https:\/\/revoredo.pe\/quienes-somos\/","url":"https:\/\/revoredo.pe\/quienes-somos\/","name":"Qui\u00e9nes somos &#8211; Revoredo.pe","isPartOf":{"@id":"https:\/\/revoredo.pe\/#website"},"primaryImageOfPage":{"@id":"https:\/\/revoredo.pe\/quienes-somos\/#primaryimage"},"image":{"@id":"https:\/\/revoredo.pe\/quienes-somos\/#primaryimage"},"thumbnailUrl":"https:\/\/revoredo.pe\/wp-content\/uploads\/2021\/04\/quienes-somos-1a.jpg","datePublished":"2017-09-28T18:32:37+00:00","dateModified":"2021-04-24T02:20:16+00:00","breadcrumb":{"@id":"https:\/\/revoredo.pe\/quienes-somos\/#breadcrumb"},"inLanguage":"en-US","potentialAction":[{"@type":"ReadAction","target":["https:\/\/revoredo.pe\/quienes-somos\/"]}]},{"@type":"ImageObject","inLanguage":"en-US","@id":"https:\/\/revoredo.pe\/quienes-somos\/#primaryimage","url":"https:\/\/revoredo.pe\/wp-content\/uploads\/2021\/04\/quienes-somos-1a.jpg","contentUrl":"https:\/\/revoredo.pe\/wp-content\/uploads\/2021\/04\/quienes-somos-1a.jpg"},{"@type":"BreadcrumbList","@id":"https:\/\/revoredo.pe\/quienes-somos\/#breadcrumb","itemListElement":[{"@type":"ListItem","position":1,"name":"Home","item":"https:\/\/revoredo.pe\/"},{"@type":"ListItem","position":2,"name":"Qui\u00e9nes somos"}]},{"@type":"WebSite","@id":"https:\/\/revoredo.pe\/#website","url":"https:\/\/revoredo.pe\/","name":"Revoredo.pe","description":"Abogados Digitales","publisher":{"@id":"https:\/\/revoredo.pe\/#organization"},"potentialAction":[{"@type":"SearchAction","target":{"@type":"EntryPoint","urlTemplate":"https:\/\/revoredo.pe\/?s={search_term_string}"},"query-input":{"@type":"PropertyValueSpecification","valueRequired":true,"valueName":"search_term_string"}}],"inLanguage":"en-US"},{"@type":"Organization","@id":"https:\/\/revoredo.pe\/#organization","name":"Revoredo Abogados","url":"https:\/\/revoredo.pe\/","logo":{"@type":"ImageObject","inLanguage":"en-US","@id":"https:\/\/revoredo.pe\/#\/schema\/logo\/image\/","url":"https:\/\/revoredo.pe\/wp-content\/uploads\/2020\/08\/revoredo-logo.png","contentUrl":"https:\/\/revoredo.pe\/wp-content\/uploads\/2020\/08\/revoredo-logo.png","width":326,"height":85,"caption":"Revoredo Abogados"},"image":{"@id":"https:\/\/revoredo.pe\/#\/schema\/logo\/image\/"},"sameAs":["https:\/\/www.facebook.com\/revoredope","https:\/\/x.com\/revoredope","https:\/\/www.instagram.com\/revoredope\/","https:\/\/www.linkedin.com\/company\/revoredope"]}]}},"_links":{"self":[{"href":"https:\/\/revoredo.pe\/en\/wp-json\/wp\/v2\/pages\/119","targetHints":{"allow":["GET"]}}],"collection":[{"href":"https:\/\/revoredo.pe\/en\/wp-json\/wp\/v2\/pages"}],"about":[{"href":"https:\/\/revoredo.pe\/en\/wp-json\/wp\/v2\/types\/page"}],"author":[{"embeddable":true,"href":"https:\/\/revoredo.pe\/en\/wp-json\/wp\/v2\/users\/3"}],"replies":[{"embeddable":true,"href":"https:\/\/revoredo.pe\/en\/wp-json\/wp\/v2\/comments?post=119"}],"version-history":[{"count":0,"href":"https:\/\/revoredo.pe\/en\/wp-json\/wp\/v2\/pages\/119\/revisions"}],"wp:attachment":[{"href":"https:\/\/revoredo.pe\/en\/wp-json\/wp\/v2\/media?parent=119"}],"curies":[{"name":"wp","href":"https:\/\/api.w.org\/{rel}","templated":true}]}}