{"id":101,"date":"2017-09-28T12:29:29","date_gmt":"2017-09-28T17:29:29","guid":{"rendered":"https:\/\/matchthemes.com\/demowp\/civillaw\/?page_id=101"},"modified":"2024-07-18T16:02:34","modified_gmt":"2024-07-18T21:02:34","slug":"areas-de-practica-2","status":"publish","type":"page","link":"https:\/\/revoredo.pe\/en\/areas-de-practica-2\/","title":{"rendered":"Areas of practice"},"content":{"rendered":"<div class=\"practice-short-img-v1 clearfix\"><div class=\"gallery-item\"><a href=\"https:\/\/revoredo.pe\/en\/practice\/contratos-civiles-y-financieros\/\"><div class=\"gallery-item-img\" style=\"background-image:url(https:\/\/revoredo.pe\/wp-content\/uploads\/2020\/08\/practica-4-600x426.jpg);\"><div class=\"gallery-item-desc\"><h2>Contratos Civiles y Financieros<\/h2><\/div><\/div><\/a><\/div><div class=\"gallery-item\"><a href=\"https:\/\/revoredo.pe\/en\/practice\/negocios-en-internet\/\"><div class=\"gallery-item-img\" style=\"background-image:url(https:\/\/revoredo.pe\/wp-content\/uploads\/2020\/08\/practica-1-600x426.jpg);\"><div class=\"gallery-item-desc\"><h2>Internet Business<\/h2><\/div><\/div><\/a><\/div><div class=\"gallery-item\"><a href=\"https:\/\/revoredo.pe\/en\/practice\/infraestructura-tecnologica\/\"><div class=\"gallery-item-img\" style=\"background-image:url(https:\/\/revoredo.pe\/wp-content\/uploads\/2020\/08\/practica-6-600x426.jpg);\"><div class=\"gallery-item-desc\"><h2>Infraestructura Tecnol\u00f3gica<\/h2><\/div><\/div><\/a><\/div><div class=\"gallery-item\"><a href=\"https:\/\/revoredo.pe\/en\/practice\/societario-y-corporativo\/\"><div class=\"gallery-item-img\" style=\"background-image:url(https:\/\/revoredo.pe\/wp-content\/uploads\/2020\/08\/practica-2-600x426.jpg);\"><div class=\"gallery-item-desc\"><h2>Societario y Corporativo<\/h2><\/div><\/div><\/a><\/div><div class=\"gallery-item\"><a href=\"https:\/\/revoredo.pe\/en\/practice\/proteccion-de-datos-y-privacidad\/\"><div class=\"gallery-item-img\" style=\"background-image:url(https:\/\/revoredo.pe\/wp-content\/uploads\/2017\/11\/about-law-office-600x500.jpg);\"><div class=\"gallery-item-desc\"><h2>Protecci\u00f3n de Datos y Privacidad<\/h2><\/div><\/div><\/a><\/div><div class=\"gallery-item\"><a href=\"https:\/\/revoredo.pe\/en\/practice\/propiedad-intelectual-competencia-desleal-proteccion-consumidor\/\"><div class=\"gallery-item-img\" style=\"background-image:url(https:\/\/revoredo.pe\/wp-content\/uploads\/2020\/08\/practica-8-600x425.jpg);\"><div class=\"gallery-item-desc\"><h2>Propiedad Intelectual, Competencia Desleal y Protecci\u00f3n al Consumidor<\/h2><\/div><\/div><\/a><\/div><div class=\"gallery-item\"><a href=\"https:\/\/revoredo.pe\/en\/practice\/telecomunicaciones\/\"><div class=\"gallery-item-img\" style=\"background-image:url(https:\/\/revoredo.pe\/wp-content\/uploads\/2020\/08\/torres-telecomunicaciones-antenas_54109-6-600x417.jpg);\"><div class=\"gallery-item-desc\"><h2>Telecommunications<\/h2><\/div><\/div><\/a><\/div><div class=\"gallery-item\"><a href=\"https:\/\/revoredo.pe\/en\/practice\/administrativo-y-licitaciones\/\"><div class=\"gallery-item-img\" style=\"background-image:url(https:\/\/revoredo.pe\/wp-content\/uploads\/2020\/08\/pexels-bongkarn-thanyakij-3815580-600x500.jpg);\"><div class=\"gallery-item-desc\"><h2>Administrative and Bidding<\/h2><\/div><\/div><\/a><\/div><\/div>\n<div style=\"background: #faa726; padding: 54px; color: #ffffff; margin-top: 54px;\">\n<div class=\"row\">\n<div class=\"col-md-6\">\n<h4 class=\"margin-b16\" style=\"color: #ffffff;\"><strong>Request a call and let's talk<\/strong><\/h4>\n<p>We can quickly guide you and determine your needs<\/p>\n<\/div>\n<div class=\"col-md-4 alignr\">\n<p><strong><a href=\"https:\/\/revoredo.pe\/en\/contacto\/\">Contact us now<\/a><\/strong><\/p>\n<\/div>\n<\/div>\n<\/div>\n\n\n<p><\/p>","protected":false},"excerpt":{"rendered":"<p>Solicita una llamada y conversemos Podemos orientarte r\u00e1pidamente y determinar tus necesidades Cont\u00e1ctanos ahora<\/p>","protected":false},"author":3,"featured_media":0,"parent":0,"menu_order":0,"comment_status":"closed","ping_status":"closed","template":"my-templates\/template-fullwidth.php","meta":{"_acf_changed":false,"content-type":"","footnotes":""},"class_list":["post-101","page","type-page","status-publish","hentry"],"acf":[],"yoast_head":"<!-- This site is optimized with the Yoast SEO plugin v27.3 - https:\/\/yoast.com\/product\/yoast-seo-wordpress\/ -->\n<title>\u00c1reas de pr\u00e1ctica &#8211; Revoredo.pe<\/title>\n<meta name=\"robots\" content=\"index, follow, max-snippet:-1, max-image-preview:large, max-video-preview:-1\" \/>\n<link rel=\"canonical\" href=\"https:\/\/revoredo.pe\/en\/areas-de-practica-2\/\" \/>\n<meta property=\"og:locale\" content=\"en_US\" \/>\n<meta property=\"og:type\" content=\"article\" \/>\n<meta property=\"og:title\" content=\"\u00c1reas de pr\u00e1ctica &#8211; Revoredo.pe\" \/>\n<meta property=\"og:description\" content=\"Solicita una llamada y conversemos Podemos orientarte r\u00e1pidamente y determinar tus necesidades Cont\u00e1ctanos ahora\" \/>\n<meta property=\"og:url\" content=\"https:\/\/revoredo.pe\/en\/areas-de-practica-2\/\" \/>\n<meta property=\"og:site_name\" content=\"Revoredo.pe\" \/>\n<meta property=\"article:publisher\" content=\"https:\/\/www.facebook.com\/revoredope\" \/>\n<meta property=\"article:modified_time\" content=\"2024-07-18T21:02:34+00:00\" \/>\n<meta name=\"twitter:card\" content=\"summary_large_image\" \/>\n<meta name=\"twitter:site\" content=\"@revoredope\" \/>\n<meta name=\"twitter:label1\" content=\"Est. reading time\" \/>\n\t<meta name=\"twitter:data1\" content=\"1 minute\" \/>\n<script type=\"application\/ld+json\" class=\"yoast-schema-graph\">{\"@context\":\"https:\\\/\\\/schema.org\",\"@graph\":[{\"@type\":\"WebPage\",\"@id\":\"https:\\\/\\\/revoredo.pe\\\/areas-de-practica-2\\\/\",\"url\":\"https:\\\/\\\/revoredo.pe\\\/areas-de-practica-2\\\/\",\"name\":\"\u00c1reas de pr\u00e1ctica &#8211; Revoredo.pe\",\"isPartOf\":{\"@id\":\"https:\\\/\\\/revoredo.pe\\\/#website\"},\"datePublished\":\"2017-09-28T17:29:29+00:00\",\"dateModified\":\"2024-07-18T21:02:34+00:00\",\"breadcrumb\":{\"@id\":\"https:\\\/\\\/revoredo.pe\\\/areas-de-practica-2\\\/#breadcrumb\"},\"inLanguage\":\"en-US\",\"potentialAction\":[{\"@type\":\"ReadAction\",\"target\":[\"https:\\\/\\\/revoredo.pe\\\/areas-de-practica-2\\\/\"]}]},{\"@type\":\"BreadcrumbList\",\"@id\":\"https:\\\/\\\/revoredo.pe\\\/areas-de-practica-2\\\/#breadcrumb\",\"itemListElement\":[{\"@type\":\"ListItem\",\"position\":1,\"name\":\"Home\",\"item\":\"https:\\\/\\\/revoredo.pe\\\/\"},{\"@type\":\"ListItem\",\"position\":2,\"name\":\"\u00c1reas de pr\u00e1ctica\"}]},{\"@type\":\"WebSite\",\"@id\":\"https:\\\/\\\/revoredo.pe\\\/#website\",\"url\":\"https:\\\/\\\/revoredo.pe\\\/\",\"name\":\"Revoredo.pe\",\"description\":\"Abogados Digitales\",\"publisher\":{\"@id\":\"https:\\\/\\\/revoredo.pe\\\/#organization\"},\"potentialAction\":[{\"@type\":\"SearchAction\",\"target\":{\"@type\":\"EntryPoint\",\"urlTemplate\":\"https:\\\/\\\/revoredo.pe\\\/?s={search_term_string}\"},\"query-input\":{\"@type\":\"PropertyValueSpecification\",\"valueRequired\":true,\"valueName\":\"search_term_string\"}}],\"inLanguage\":\"en-US\"},{\"@type\":\"Organization\",\"@id\":\"https:\\\/\\\/revoredo.pe\\\/#organization\",\"name\":\"Revoredo Abogados\",\"url\":\"https:\\\/\\\/revoredo.pe\\\/\",\"logo\":{\"@type\":\"ImageObject\",\"inLanguage\":\"en-US\",\"@id\":\"https:\\\/\\\/revoredo.pe\\\/#\\\/schema\\\/logo\\\/image\\\/\",\"url\":\"https:\\\/\\\/revoredo.pe\\\/wp-content\\\/uploads\\\/2020\\\/08\\\/revoredo-logo.png\",\"contentUrl\":\"https:\\\/\\\/revoredo.pe\\\/wp-content\\\/uploads\\\/2020\\\/08\\\/revoredo-logo.png\",\"width\":326,\"height\":85,\"caption\":\"Revoredo Abogados\"},\"image\":{\"@id\":\"https:\\\/\\\/revoredo.pe\\\/#\\\/schema\\\/logo\\\/image\\\/\"},\"sameAs\":[\"https:\\\/\\\/www.facebook.com\\\/revoredope\",\"https:\\\/\\\/x.com\\\/revoredope\",\"https:\\\/\\\/www.instagram.com\\\/revoredope\\\/\",\"https:\\\/\\\/www.linkedin.com\\\/company\\\/revoredope\"]}]}<\/script>\n<!-- \/ Yoast SEO plugin. -->","yoast_head_json":{"title":"\u00c1reas de pr\u00e1ctica &#8211; Revoredo.pe","robots":{"index":"index","follow":"follow","max-snippet":"max-snippet:-1","max-image-preview":"max-image-preview:large","max-video-preview":"max-video-preview:-1"},"canonical":"https:\/\/revoredo.pe\/en\/areas-de-practica-2\/","og_locale":"en_US","og_type":"article","og_title":"\u00c1reas de pr\u00e1ctica &#8211; Revoredo.pe","og_description":"Solicita una llamada y conversemos Podemos orientarte r\u00e1pidamente y determinar tus necesidades Cont\u00e1ctanos ahora","og_url":"https:\/\/revoredo.pe\/en\/areas-de-practica-2\/","og_site_name":"Revoredo.pe","article_publisher":"https:\/\/www.facebook.com\/revoredope","article_modified_time":"2024-07-18T21:02:34+00:00","twitter_card":"summary_large_image","twitter_site":"@revoredope","twitter_misc":{"Est. reading time":"1 minute"},"schema":{"@context":"https:\/\/schema.org","@graph":[{"@type":"WebPage","@id":"https:\/\/revoredo.pe\/areas-de-practica-2\/","url":"https:\/\/revoredo.pe\/areas-de-practica-2\/","name":"\u00c1reas de pr\u00e1ctica &#8211; Revoredo.pe","isPartOf":{"@id":"https:\/\/revoredo.pe\/#website"},"datePublished":"2017-09-28T17:29:29+00:00","dateModified":"2024-07-18T21:02:34+00:00","breadcrumb":{"@id":"https:\/\/revoredo.pe\/areas-de-practica-2\/#breadcrumb"},"inLanguage":"en-US","potentialAction":[{"@type":"ReadAction","target":["https:\/\/revoredo.pe\/areas-de-practica-2\/"]}]},{"@type":"BreadcrumbList","@id":"https:\/\/revoredo.pe\/areas-de-practica-2\/#breadcrumb","itemListElement":[{"@type":"ListItem","position":1,"name":"Home","item":"https:\/\/revoredo.pe\/"},{"@type":"ListItem","position":2,"name":"\u00c1reas de pr\u00e1ctica"}]},{"@type":"WebSite","@id":"https:\/\/revoredo.pe\/#website","url":"https:\/\/revoredo.pe\/","name":"Revoredo.pe","description":"Abogados Digitales","publisher":{"@id":"https:\/\/revoredo.pe\/#organization"},"potentialAction":[{"@type":"SearchAction","target":{"@type":"EntryPoint","urlTemplate":"https:\/\/revoredo.pe\/?s={search_term_string}"},"query-input":{"@type":"PropertyValueSpecification","valueRequired":true,"valueName":"search_term_string"}}],"inLanguage":"en-US"},{"@type":"Organization","@id":"https:\/\/revoredo.pe\/#organization","name":"Revoredo Abogados","url":"https:\/\/revoredo.pe\/","logo":{"@type":"ImageObject","inLanguage":"en-US","@id":"https:\/\/revoredo.pe\/#\/schema\/logo\/image\/","url":"https:\/\/revoredo.pe\/wp-content\/uploads\/2020\/08\/revoredo-logo.png","contentUrl":"https:\/\/revoredo.pe\/wp-content\/uploads\/2020\/08\/revoredo-logo.png","width":326,"height":85,"caption":"Revoredo Abogados"},"image":{"@id":"https:\/\/revoredo.pe\/#\/schema\/logo\/image\/"},"sameAs":["https:\/\/www.facebook.com\/revoredope","https:\/\/x.com\/revoredope","https:\/\/www.instagram.com\/revoredope\/","https:\/\/www.linkedin.com\/company\/revoredope"]}]}},"_links":{"self":[{"href":"https:\/\/revoredo.pe\/en\/wp-json\/wp\/v2\/pages\/101","targetHints":{"allow":["GET"]}}],"collection":[{"href":"https:\/\/revoredo.pe\/en\/wp-json\/wp\/v2\/pages"}],"about":[{"href":"https:\/\/revoredo.pe\/en\/wp-json\/wp\/v2\/types\/page"}],"author":[{"embeddable":true,"href":"https:\/\/revoredo.pe\/en\/wp-json\/wp\/v2\/users\/3"}],"replies":[{"embeddable":true,"href":"https:\/\/revoredo.pe\/en\/wp-json\/wp\/v2\/comments?post=101"}],"version-history":[{"count":0,"href":"https:\/\/revoredo.pe\/en\/wp-json\/wp\/v2\/pages\/101\/revisions"}],"wp:attachment":[{"href":"https:\/\/revoredo.pe\/en\/wp-json\/wp\/v2\/media?parent=101"}],"curies":[{"name":"wp","href":"https:\/\/api.w.org\/{rel}","templated":true}]}}